{"id":1107,"date":"2023-02-21T11:53:40","date_gmt":"2023-02-21T11:53:40","guid":{"rendered":"https:\/\/sapere-series.ch\/?page_id=1107"},"modified":"2025-06-05T09:50:51","modified_gmt":"2025-06-05T09:50:51","slug":"impressum-datenschutz","status":"publish","type":"page","link":"https:\/\/sapere-series.ch\/en\/impressum-datenschutz\/","title":{"rendered":"Impressum und Datenschutz"},"content":{"rendered":"<div data-colibri-id=\"1107-c1\" class=\"style-908 style-local-1107-c1 position-relative\">\n  <!---->\n  <div data-colibri-component=\"section\" data-colibri-id=\"1107-c2\" id=\"custom\" class=\"h-section h-section-global-spacing d-flex align-items-lg-center align-items-md-center align-items-center style-1450 style-local-1107-c2 position-relative\">\n    <!---->\n    <!---->\n    <div class=\"h-section-grid-container h-section-boxed-container\">\n      <!---->\n      <div data-colibri-id=\"1107-c3\" class=\"h-row-container gutters-row-lg-2 gutters-row-md-2 gutters-row-0 gutters-row-v-lg-2 gutters-row-v-md-2 gutters-row-v-2 style-1451 style-local-1107-c3 position-relative\">\n        <!---->\n        <div class=\"h-row justify-content-lg-center justify-content-md-center justify-content-center align-items-lg-stretch align-items-md-stretch align-items-stretch gutters-col-lg-2 gutters-col-md-2 gutters-col-0 gutters-col-v-lg-2 gutters-col-v-md-2 gutters-col-v-2\">\n          <!---->\n          <div class=\"h-column h-column-container d-flex h-col-lg-auto h-col-md-auto h-col-auto style-1452-outer style-local-1107-c4-outer\">\n            <div data-colibri-id=\"1107-c4\" class=\"d-flex h-flex-basis h-column__inner h-px-lg-2 h-px-md-2 h-px-2 v-inner-lg-2 v-inner-md-2 v-inner-2 style-1452 style-local-1107-c4 position-relative\">\n              <!---->\n              <!---->\n              <div class=\"w-100 h-y-container h-column__content h-column__v-align flex-basis-100 align-self-lg-start align-self-md-start align-self-start\">\n                <!---->\n                <div data-colibri-id=\"1107-c5\" class=\"h-text h-text-component style-1453 style-local-1107-c5 position-relative h-element\">\n                  <!---->\n                  <!---->\n                  <div class=\"\">\n                    <h3>Impressum und Datenschutz<\/h3>\n                    <p><strong>Betreuung Website:<\/strong>&nbsp;Tabea Aebi, tabea.aebi@students.unibe.ch<\/p>\n                    <p><strong>Projektverantwortung:<\/strong>&nbsp;Theologische Fakult\u00e4t Universit\u00e4t Bern, Institut f\u00fcr Neues Testament, Rainer Hirsch-Luipold, L\u00e4nggassstrasse 51, 3012&nbsp;Bern<\/p>\n                    <p>\n                      <br>\n                    <\/p>\n                    <p>\n                      <br>\n                    <\/p>\n                    <p>Es werden keine pers\u00f6nlichen Daten gesammelt. Einzig anonyme Daten zur Statistik von Aufrufzahlen u.\u00c4. werden von Google Analytics erfasst sowie die Anzahl Downloads der verschiedenen Dokumente. Keine Daten werden weiterverarbeitet\n                      oder weiter \u00fcbermittelt.<\/p>\n                    <p>\n                      <br>\n                    <\/p>\n                  <\/div>\n                <\/div>\n              <\/div>\n            <\/div>\n          <\/div>\n        <\/div>\n      <\/div>\n    <\/div>\n  <\/div>\n<\/div>","protected":false},"excerpt":{"rendered":"<p>Impressum und Datenschutz Betreuung Website:&nbsp;Tabea Aebi, tabea.aebi@students.unibe.ch Projektverantwortung:&nbsp;Theologische Fakult\u00e4t Universit\u00e4t Bern, Institut f\u00fcr Neues Testament, Rainer Hirsch-Luipold, L\u00e4nggassstrasse 51, 3012&nbsp;Bern Es werden keine pers\u00f6nlichen Daten gesammelt. Einzig anonyme Daten zur Statistik von Aufrufzahlen u.\u00c4. werden von Google Analytics erfasst sowie die Anzahl Downloads der verschiedenen Dokumente. Keine Daten werden weiterverarbeitet oder weiter \u00fcbermittelt.<\/p>","protected":false},"author":1,"featured_media":0,"parent":0,"menu_order":0,"comment_status":"closed","ping_status":"closed","template":"page-templates\/full-width-page.php","meta":{"_monsterinsights_skip_tracking":false,"_monsterinsights_sitenote_active":false,"_monsterinsights_sitenote_note":"","_monsterinsights_sitenote_category":0,"footnotes":""},"class_list":["post-1107","page","type-page","status-publish","hentry"],"aioseo_notices":[],"_links":{"self":[{"href":"https:\/\/sapere-series.ch\/en\/wp-json\/wp\/v2\/pages\/1107","targetHints":{"allow":["GET"]}}],"collection":[{"href":"https:\/\/sapere-series.ch\/en\/wp-json\/wp\/v2\/pages"}],"about":[{"href":"https:\/\/sapere-series.ch\/en\/wp-json\/wp\/v2\/types\/page"}],"author":[{"embeddable":true,"href":"https:\/\/sapere-series.ch\/en\/wp-json\/wp\/v2\/users\/1"}],"replies":[{"embeddable":true,"href":"https:\/\/sapere-series.ch\/en\/wp-json\/wp\/v2\/comments?post=1107"}],"version-history":[{"count":12,"href":"https:\/\/sapere-series.ch\/en\/wp-json\/wp\/v2\/pages\/1107\/revisions"}],"predecessor-version":[{"id":3501,"href":"https:\/\/sapere-series.ch\/en\/wp-json\/wp\/v2\/pages\/1107\/revisions\/3501"}],"wp:attachment":[{"href":"https:\/\/sapere-series.ch\/en\/wp-json\/wp\/v2\/media?parent=1107"}],"curies":[{"name":"wp","href":"https:\/\/api.w.org\/{rel}","templated":true}]}}